{"id":6,"date":"2023-03-15T14:31:59","date_gmt":"2023-03-15T13:31:59","guid":{"rendered":"http:\/\/arpaviy.cluster027.hosting.ovh.net\/?page_id=6"},"modified":"2025-01-22T17:11:25","modified_gmt":"2025-01-22T16:11:25","slug":"accueil","status":"publish","type":"page","link":"https:\/\/www.arpavignon.fr\/","title":{"rendered":"Accueil"},"content":{"rendered":"<div class=\"wp-block-image\">\n<figure class=\"aligncenter size-full\"><img loading=\"lazy\" decoding=\"async\" width=\"287\" height=\"283\" src=\"https:\/\/www.arpavignon.fr\/wp-content\/uploads\/2023\/07\/Logo-ARPA.bmp\" alt=\"\" class=\"wp-image-364\"\/><\/figure>\n<\/div>\n\n\n<p>L\u2019Association de Randonn\u00e9e P\u00e9destre Avignonnaise ARPA (Association r\u00e9gie par les lois de 1901, cr\u00e9\u00e9e le 17 novembre 1980) n\u2019a cess\u00e9 d\u2019offrir \u00e0&nbsp; ses adh\u00e9rents, depuis sa cr\u00e9ation en 1980 des randonn\u00e9es \u00e0 la journ\u00e9e, aussi vari\u00e9es que conviviales&nbsp;: randonn\u00e9es p\u00e9destres&nbsp;; randonn\u00e9es raquettes&nbsp;; marche nordique&nbsp;; longe c\u00f4te etc. ainsi que des randonn\u00e9es de plusieurs jours.<\/p>\n\n\n\n<p>Ses nombreux animateurs b\u00e9n\u00e9voles toujours \u00e0 l\u2019\u00e9coute des participants, continuent \u00e0 faire d\u00e9couvrir ces journ\u00e9es aux termes desquelles le plein air, la faune, la flore sont le gage de semaines toujours plus sereines.<\/p>\n\n\n\n<p><strong>LE BUREAU<\/strong><\/p>\n\n\n\n<p>Pr\u00e9sident Alain JOUVEAU<\/p>\n\n\n\n<p>Tr\u00e9sorier Bernard MALACHANE<\/p>\n\n\n\n<p>Secr\u00e9taire Christiane TRIALON<\/p>\n\n\n\n<p><\/p>\n\n\n\n<p><strong>INFORMATIONS DIVERSES<\/strong><\/p>\n\n\n\n<p>\u25ca Cotisation&nbsp;: \u00e0 l\u2019ARPA il est exig\u00e9 une cotisation annuelle par adulte et par enfant.<\/p>\n\n\n\n<p>\u25ca Type de sorties propos\u00e9es : le classement ci-apr\u00e8s est donn\u00e9 \u00e0 titre indicatif. Chacun en fonction de sa condition physique et des difficult\u00e9s annonc\u00e9es devra faire son choix afin de ne pas retarder ou presser le groupe. L\u2019animateur b\u00e9n\u00e9vole peut exclure au d\u00e9part d\u2019une sortie un adh\u00e9rent connu qui a fait un mauvais choix.&nbsp;&nbsp;&nbsp;&nbsp;&nbsp;&nbsp;&nbsp;&nbsp;&nbsp;&nbsp; <\/p>\n\n\n\n<p>Types de randonn\u00e9es :<\/p>\n\n\n\n<p>A \u2264 12 km ; \u2264 350 m de mont\u00e9e.&nbsp;<\/p>\n\n\n\n<p>B \u226418 km ; \u2264 750 m de mont\u00e9e.<\/p>\n\n\n\n<p>C \u2264 22 km ; \u2264 1 200 m de mont\u00e9e.\u00a0\u00a0\u00a0<\/p>\n\n\n\n<p><\/p>\n\n\n\n<p>\u25ca Vous d\u00e9clarez&nbsp;:<\/p>\n\n\n\n<p>&#8211; \u00eatre en bonne condition physique et que votre certificat m\u00e9dical ne vous interdit pas la marche.<\/p>\n\n\n\n<p>&#8211;&nbsp; avoir pris connaissance des difficult\u00e9s des itin\u00e9raires d\u00e9crits succinctement dans les tableaux.<\/p>\n\n\n\n<p>\u25ca Vous vous engagez&nbsp;:<\/p>\n\n\n\n<p>&#8211; en cas de d\u00e9faillance \u00e0 le d\u00e9clarer tout de suite \u00e0 l\u2019animateur b\u00e9n\u00e9vole et \u00e0 retourner au point de d\u00e9part sauf s\u2019il y a besoin de secours sans pour cela entra\u00eener l\u2019interruption de la randonn\u00e9e.<\/p>\n\n\n\n<p>&#8211;&nbsp; \u00e0 \u00eatre convenablement chauss\u00e9(e) sous peine d\u2019exclusion (pas de nu-pied) et \u00e9quip\u00e9(e) pour la marche, ne pas oublier boisson et casse-cro\u00fbte du midi.<\/p>\n\n\n\n<p>&#8211;&nbsp; \u00e0 accepter de vous plier au rythme de la randonn\u00e9e guid\u00e9e b\u00e9n\u00e9volement,<\/p>\n\n\n\n<p>&#8211;&nbsp; \u00e0 avoir votre propre pharmacie (l\u2019animateur b\u00e9n\u00e9vole n\u2019a pas une pharmacie commune).<\/p>\n\n\n\n<p>&#8211;&nbsp; \u00e0 avoir imp\u00e9rativement sur vous au cours de la randonn\u00e9e&nbsp;: votre licence, une pi\u00e8ce d\u2019identit\u00e9, votre carte vitale et quelques euros.<\/p>\n\n\n\n<p>\u25ca Covoiturage&nbsp;:<\/p>\n\n\n\n<p>L\u2019ARPA a cr\u00e9\u00e9 un groupe WatsApp pour le covoiturage dont l\u2019administrateur est G\u00e9rard Labrot.<\/p>\n\n\n\n<p>Le covoiturage est important pour des questions financi\u00e8res \u00e9videntes et pour l\u2019empreinte carbone de notre association.<\/p>\n\n\n\n<p>Si vous d\u00e9sirez y participer soit pour trouver des places dans une voiture soit pour compl\u00e9ter la<\/p>\n\n\n\n<p>votre, envoyez vos nom pr\u00e9nom et num\u00e9ro de portable par mail \u00e0 l\u2019adresse gegelab@gmail.com .<\/p>\n\n\n\n<p>Si vous n\u2019avez pas WattsApp vous pouvez t\u00e9l\u00e9charger gratuitement l\u2019application sur votre portable.<\/p>\n\n\n\n<p>Pour l\u2019utilisation les r\u00e8gles sont simples.<\/p>\n\n\n\n<p>1) A utiliser exclusivement pour le covoiturage (pas de bavardage)<\/p>\n\n\n\n<p>2) A chaque message indiquer votre nom, la date de la sortie avec le nom de l\u2019accompagnateur, vos souhaits de covoiturage, prise de rendez-vous.<\/p>\n\n\n\n<p>3) Les accompagnateurs qui le d\u00e9sirent peuvent donner au groupe les indications qu\u2019ils jugent utiles \u00e0 titre indicatif.<\/p>\n\n\n\n<p>L\u2019ARPA sugg\u00e8re une participation de 8 centimes maximum par km et par personne transport\u00e9e.<\/p>\n\n\n\n<p>Les parkings de covoiturage sont\u00a0: Parking des Italiens au terminus de la navette\u00a0; Station-service de Cap Sud\u00a0; Au Sacr\u00e9 C\u0153ur ; Norauto du centre Leclerc Les Angles.<\/p>\n\n\n\n<p>\u25ca M\u00e9t\u00e9o pessimiste&nbsp;: Pour savoir si la randonn\u00e9e est maintenue les adh\u00e9rents doivent contacter l\u2019animateur.<\/p>\n\n\n\n<p>\u25ca L\u2019animateur ne va pas obligatoirement aux rendez-vous des parkings de covoiturage.<\/p>\n\n\n\n<p>\u25ca Randonneurs \u00e0 l\u2019essai&nbsp;: Ces personnes se pr\u00e9sentent aupr\u00e8s de l\u2019animateur et ne consid\u00e8rent pas cela comme un acquis pour venir aux randonn\u00e9es de fa\u00e7on r\u00e9p\u00e9titive.<\/p>\n\n\n\n<p><\/p>\n\n\n\n<p><strong>POUR LA SAISON 2024 \u2013 2025\u00a0:<\/strong><\/p>\n\n\n\n<p>Les adh\u00e9rents prennent leur licence aupr\u00e8s de la F\u00e9d\u00e9ration Fran\u00e7aise de Randonn\u00e9e (FFRandonn\u00e9e).<\/p>\n\n\n\n<p><strong>CONTACT&nbsp;:<\/strong><\/p>\n\n\n\n<p><a href=\"mailto:arpavignon@gmail.com\">arpavignon@gmail.com<\/a><\/p>\n\n\n\n<p>07 82 45 50 47 ou 04 90 33 31 85<\/p>\n\n\n\n<p>ARPA (adresse postale)<\/p>\n\n\n\n<p>257, chemin des Prairies<\/p>\n\n\n\n<p>84310 Mori\u00e8res-les-Avignon<\/p>\n","protected":false},"excerpt":{"rendered":"<p>L\u2019Association de Randonn\u00e9e P\u00e9destre Avignonnaise ARPA (Association r\u00e9gie par les lois de 1901, cr\u00e9\u00e9e le 17 novembre 1980) n\u2019a cess\u00e9 d\u2019offrir \u00e0&nbsp; ses adh\u00e9rents, depuis sa cr\u00e9ation en 1980 des randonn\u00e9es \u00e0 la journ\u00e9e, aussi vari\u00e9es que conviviales&nbsp;: randonn\u00e9es p\u00e9destres&nbsp;; randonn\u00e9es raquettes&nbsp;; marche nordique&nbsp;; longe c\u00f4te etc. ainsi que des randonn\u00e9es de plusieurs jours. Ses [&hellip;]<\/p>\n","protected":false},"author":1,"featured_media":0,"parent":0,"menu_order":0,"comment_status":"closed","ping_status":"closed","template":"","meta":{"footnotes":""},"class_list":["post-6","page","type-page","status-publish","hentry"],"_links":{"self":[{"href":"https:\/\/www.arpavignon.fr\/index.php?rest_route=\/wp\/v2\/pages\/6","targetHints":{"allow":["GET"]}}],"collection":[{"href":"https:\/\/www.arpavignon.fr\/index.php?rest_route=\/wp\/v2\/pages"}],"about":[{"href":"https:\/\/www.arpavignon.fr\/index.php?rest_route=\/wp\/v2\/types\/page"}],"author":[{"embeddable":true,"href":"https:\/\/www.arpavignon.fr\/index.php?rest_route=\/wp\/v2\/users\/1"}],"replies":[{"embeddable":true,"href":"https:\/\/www.arpavignon.fr\/index.php?rest_route=%2Fwp%2Fv2%2Fcomments&post=6"}],"version-history":[{"count":17,"href":"https:\/\/www.arpavignon.fr\/index.php?rest_route=\/wp\/v2\/pages\/6\/revisions"}],"predecessor-version":[{"id":583,"href":"https:\/\/www.arpavignon.fr\/index.php?rest_route=\/wp\/v2\/pages\/6\/revisions\/583"}],"wp:attachment":[{"href":"https:\/\/www.arpavignon.fr\/index.php?rest_route=%2Fwp%2Fv2%2Fmedia&parent=6"}],"curies":[{"name":"wp","href":"https:\/\/api.w.org\/{rel}","templated":true}]}}